{"id":72,"date":"2015-10-11T11:51:26","date_gmt":"2015-10-11T09:51:26","guid":{"rendered":"http:\/\/rocking26.ch\/?page_id=72"},"modified":"2024-08-05T13:02:43","modified_gmt":"2024-08-05T11:02:43","slug":"mont-raimeux","status":"publish","type":"page","link":"https:\/\/rocking26.ch\/?page_id=72","title":{"rendered":"Mont Raimeux"},"content":{"rendered":"\n<h4 class=\"wp-block-heading\"><img decoding=\"async\" loading=\"lazy\" class=\"alignnone size-full wp-image-472\" src=\"http:\/\/rocking26.ch\/wp-content\/uploads\/2016\/07\/wanderung.png\" alt=\"wanderung\" width=\"75\" height=\"75\"\/><\/h4><br \/><br \/>\n\n\n\n<h4 class=\"wp-block-heading\">Status<\/h4>\n\n\n\n<p>Besucht am 14.09.2019 mit Philipp K. aus Wil.<\/p>\n\n\n\n<hr class=\"wp-block-separator has-alpha-channel-opacity\"\/>\n\n\n\n<p>Sein erkl\u00e4rtes Ziel: &#8220;W\u00f6t so viel wie m\u00f6glich Tesla fahre.&#8221; <br>Dass er den Mont Raimeux in erster Linie deshalb ausgew\u00e4hlt hat, weil man mit dem Tesla rauffahren <em>k\u00f6nnte<\/em>, habe ich erst gecheckt, nachdem wir zur 4-st\u00fcndigen Wanderung aufgebrochen sind&#8230; <\/p>\n\n\n\n<p>Und sonst:<\/p>\n\n\n\n<ul>\n<li>Der Mont Raimeux liegt 1302 m.\u00fc.M.\u00a0<br>Mit dem Beobachtungsturm aus dem 1. Weltkrieg werden das bestimmt ziemlich genau <em>1312<\/em> m.\u00fc.M. <\/li>\n\n\n\n<li>Auf dem Heimweg haben wir im M\u00f6wenpick Hotel Egerkingen noch kurz die 80er Jahre besucht.<br>Nie haben Z\u00fcrigschn\u00e4tzlets und mittelst\u00e4ndische Biederkeit besser geschmeckt.<\/li>\n<\/ul>\n\n\n\n<!-- index.php -->\n<div\n\tclass=\"ngg-galleryoverview ngg-ajax-pagination-none\"\n\tid=\"ngg-gallery-45c8a650dfd0a43a6e217b72b7a6c470-1\">\n\n    \t\t<!-- Thumbnails -->\n\t\t\t\t<div id=\"ngg-image-0\" class=\"ngg-gallery-thumbnail-box\" >\n\t\t\t\t        <div class=\"ngg-gallery-thumbnail\">\n            <a href=\"https:\/\/rocking26.ch\/wp-content\/gallery\/montraimeux\/IMG_4292.jpg\"\n               title=\"\"\n               data-src=\"https:\/\/rocking26.ch\/wp-content\/gallery\/montraimeux\/IMG_4292.jpg\"\n               data-thumbnail=\"https:\/\/rocking26.ch\/wp-content\/gallery\/montraimeux\/thumbs\/thumbs_IMG_4292.jpg\"\n               data-image-id=\"54\"\n               data-title=\"IMG_4292\"\n               data-description=\"\"\n               data-image-slug=\"img_4292\"\n               class=\"ngg-fancybox\" rel=\"45c8a650dfd0a43a6e217b72b7a6c470\">\n                <img\n                    title=\"IMG_4292\"\n                    alt=\"IMG_4292\"\n                    src=\"https:\/\/rocking26.ch\/wp-content\/gallery\/montraimeux\/thumbs\/thumbs_IMG_4292.jpg\"\n                    width=\"90\"\n                    height=\"90\"\n                    style=\"max-width:100%;\"\n                \/>\n            <\/a>\n        <\/div>\n\t\t\t\t\t\t\t<\/div> \n\t\t\t\n        \n\t\t\t\t<div id=\"ngg-image-1\" class=\"ngg-gallery-thumbnail-box\" >\n\t\t\t\t        <div class=\"ngg-gallery-thumbnail\">\n            <a href=\"https:\/\/rocking26.ch\/wp-content\/gallery\/montraimeux\/IMG_4296.jpg\"\n               title=\"\"\n               data-src=\"https:\/\/rocking26.ch\/wp-content\/gallery\/montraimeux\/IMG_4296.jpg\"\n               data-thumbnail=\"https:\/\/rocking26.ch\/wp-content\/gallery\/montraimeux\/thumbs\/thumbs_IMG_4296.jpg\"\n               data-image-id=\"55\"\n               data-title=\"IMG_4296\"\n               data-description=\"\"\n               data-image-slug=\"img_4296\"\n               class=\"ngg-fancybox\" rel=\"45c8a650dfd0a43a6e217b72b7a6c470\">\n                <img\n                    title=\"IMG_4296\"\n                    alt=\"IMG_4296\"\n                    src=\"https:\/\/rocking26.ch\/wp-content\/gallery\/montraimeux\/thumbs\/thumbs_IMG_4296.jpg\"\n                    width=\"90\"\n                    height=\"90\"\n                    style=\"max-width:100%;\"\n                \/>\n            <\/a>\n        <\/div>\n\t\t\t\t\t\t\t<\/div> \n\t\t\t\n        \n\t\t\t\t<div id=\"ngg-image-2\" class=\"ngg-gallery-thumbnail-box\" >\n\t\t\t\t        <div class=\"ngg-gallery-thumbnail\">\n            <a href=\"https:\/\/rocking26.ch\/wp-content\/gallery\/montraimeux\/IMG_4309.jpg\"\n               title=\"\"\n               data-src=\"https:\/\/rocking26.ch\/wp-content\/gallery\/montraimeux\/IMG_4309.jpg\"\n               data-thumbnail=\"https:\/\/rocking26.ch\/wp-content\/gallery\/montraimeux\/thumbs\/thumbs_IMG_4309.jpg\"\n               data-image-id=\"58\"\n               data-title=\"IMG_4309\"\n               data-description=\"\"\n               data-image-slug=\"img_4309\"\n               class=\"ngg-fancybox\" rel=\"45c8a650dfd0a43a6e217b72b7a6c470\">\n                <img\n                    title=\"IMG_4309\"\n                    alt=\"IMG_4309\"\n                    src=\"https:\/\/rocking26.ch\/wp-content\/gallery\/montraimeux\/thumbs\/thumbs_IMG_4309.jpg\"\n                    width=\"90\"\n                    height=\"90\"\n                    style=\"max-width:100%;\"\n                \/>\n            <\/a>\n        <\/div>\n\t\t\t\t\t\t\t<\/div> \n\t\t\t\n        \n\t\t\t\t<div id=\"ngg-image-3\" class=\"ngg-gallery-thumbnail-box\" >\n\t\t\t\t        <div class=\"ngg-gallery-thumbnail\">\n            <a href=\"https:\/\/rocking26.ch\/wp-content\/gallery\/montraimeux\/IMG_4324.jpg\"\n               title=\"\"\n               data-src=\"https:\/\/rocking26.ch\/wp-content\/gallery\/montraimeux\/IMG_4324.jpg\"\n               data-thumbnail=\"https:\/\/rocking26.ch\/wp-content\/gallery\/montraimeux\/thumbs\/thumbs_IMG_4324.jpg\"\n               data-image-id=\"56\"\n               data-title=\"IMG_4324\"\n               data-description=\"\"\n               data-image-slug=\"img_4324\"\n               class=\"ngg-fancybox\" rel=\"45c8a650dfd0a43a6e217b72b7a6c470\">\n                <img\n                    title=\"IMG_4324\"\n                    alt=\"IMG_4324\"\n                    src=\"https:\/\/rocking26.ch\/wp-content\/gallery\/montraimeux\/thumbs\/thumbs_IMG_4324.jpg\"\n                    width=\"90\"\n                    height=\"90\"\n                    style=\"max-width:100%;\"\n                \/>\n            <\/a>\n        <\/div>\n\t\t\t\t\t\t\t<\/div> \n\t\t\t\n        \n\t\t\t\t<div id=\"ngg-image-4\" class=\"ngg-gallery-thumbnail-box\" >\n\t\t\t\t        <div class=\"ngg-gallery-thumbnail\">\n            <a href=\"https:\/\/rocking26.ch\/wp-content\/gallery\/montraimeux\/IMG_4337.jpg\"\n               title=\"\"\n               data-src=\"https:\/\/rocking26.ch\/wp-content\/gallery\/montraimeux\/IMG_4337.jpg\"\n               data-thumbnail=\"https:\/\/rocking26.ch\/wp-content\/gallery\/montraimeux\/thumbs\/thumbs_IMG_4337.jpg\"\n               data-image-id=\"57\"\n               data-title=\"IMG_4337\"\n               data-description=\"\"\n               data-image-slug=\"img_4337\"\n               class=\"ngg-fancybox\" rel=\"45c8a650dfd0a43a6e217b72b7a6c470\">\n                <img\n                    title=\"IMG_4337\"\n                    alt=\"IMG_4337\"\n                    src=\"https:\/\/rocking26.ch\/wp-content\/gallery\/montraimeux\/thumbs\/thumbs_IMG_4337.jpg\"\n                    width=\"90\"\n                    height=\"90\"\n                    style=\"max-width:100%;\"\n                \/>\n            <\/a>\n        <\/div>\n\t\t\t\t\t\t\t<\/div> \n\t\t\t\n        \n\t\t\n\t\t<!-- Pagination -->\n\t<div class='ngg-clear'><\/div>\t<\/div>\n\n","protected":false},"excerpt":{"rendered":"<p>Status Besucht am 14.09.2019 mit Philipp K. aus Wil. Sein erkl\u00e4rtes Ziel: &#8220;W\u00f6t so viel wie m\u00f6glich Tesla fahre.&#8221; Dass er den Mont Raimeux in erster Linie deshalb ausgew\u00e4hlt hat, weil man mit dem Tesla rauffahren k\u00f6nnte, habe ich erst gecheckt, nachdem wir zur 4-st\u00fcndigen Wanderung aufgebrochen sind&#8230; Und sonst: &#8221; order_by=&#8221;filename&#8221; order_direction=&#8221;ASC&#8221; returns=&#8221;included&#8221; maximum_entity_count=&#8221;500&#8243;]<\/p>\n","protected":false},"author":3,"featured_media":141,"parent":0,"menu_order":0,"comment_status":"closed","ping_status":"closed","template":"","meta":{"ngg_post_thumbnail":0},"_links":{"self":[{"href":"https:\/\/rocking26.ch\/index.php?rest_route=\/wp\/v2\/pages\/72"}],"collection":[{"href":"https:\/\/rocking26.ch\/index.php?rest_route=\/wp\/v2\/pages"}],"about":[{"href":"https:\/\/rocking26.ch\/index.php?rest_route=\/wp\/v2\/types\/page"}],"author":[{"embeddable":true,"href":"https:\/\/rocking26.ch\/index.php?rest_route=\/wp\/v2\/users\/3"}],"replies":[{"embeddable":true,"href":"https:\/\/rocking26.ch\/index.php?rest_route=%2Fwp%2Fv2%2Fcomments&post=72"}],"version-history":[{"count":15,"href":"https:\/\/rocking26.ch\/index.php?rest_route=\/wp\/v2\/pages\/72\/revisions"}],"predecessor-version":[{"id":913,"href":"https:\/\/rocking26.ch\/index.php?rest_route=\/wp\/v2\/pages\/72\/revisions\/913"}],"wp:featuredmedia":[{"embeddable":true,"href":"https:\/\/rocking26.ch\/index.php?rest_route=\/wp\/v2\/media\/141"}],"wp:attachment":[{"href":"https:\/\/rocking26.ch\/index.php?rest_route=%2Fwp%2Fv2%2Fmedia&parent=72"}],"curies":[{"name":"wp","href":"https:\/\/api.w.org\/{rel}","templated":true}]}}