{"id":606,"date":"2016-09-04T20:17:47","date_gmt":"2016-09-04T18:17:47","guid":{"rendered":"http:\/\/rocking26.ch\/?page_id=606"},"modified":"2016-11-27T19:35:14","modified_gmt":"2016-11-27T17:35:14","slug":"surprise","status":"publish","type":"page","link":"https:\/\/rocking26.ch\/?page_id=606","title":{"rendered":"Surprise"},"content":{"rendered":"<p>Alle Kantonsh\u00f6hepunkte besucht?<\/p>\n<p>Etwas S\u00fcsses zum Dessert darf nicht fehlen.<\/p>\n<ul>\n<li>Den Mont Blanc besuchen?<\/li>\n<li>In die Route &#8220;Mot\u00f6rhead&#8221; einsteigen? (<a href=\"http:\/\/www.bergsucht.ch\/products\/eldorado-motorhead-6a-\/\">http:\/\/www.bergsucht.ch\/products\/eldorado-motorhead-6a-\/<\/a>)<\/li>\n<li>Die Alpe d&#8217;Huez befahren? \u00a0(<a href=\"http:\/\/www.zeit.de\/2003\/29\/Sport_2fTour_de_France\">http:\/\/www.zeit.de\/2003\/29\/Sport_2fTour_de_France<\/a>)<\/li>\n<li>Eine Mehrseill\u00e4nge in Paklenica klettern?<\/li>\n<li>&#8230;<\/li>\n<\/ul>\n<p> <\/p>\n<hr \/>\n<p>Es wird vielleicht auch noch die Todesstunde<br \/>\nUns neuen R\u00e4umen jung entgegen senden,<br \/>\nDes Lebens Ruf an uns wird niemals enden&#8230;<br \/>\nWohlan denn, Herz, nimm Abschied und gesunde!<\/p>\n","protected":false},"excerpt":{"rendered":"<p>Alle Kantonsh\u00f6hepunkte besucht? Etwas S\u00fcsses zum Dessert darf nicht fehlen. Den Mont Blanc besuchen? In die Route &#8220;Mot\u00f6rhead&#8221; einsteigen? (http:\/\/www.bergsucht.ch\/products\/eldorado-motorhead-6a-\/) Die Alpe d&#8217;Huez befahren? \u00a0(http:\/\/www.zeit.de\/2003\/29\/Sport_2fTour_de_France) Eine Mehrseill\u00e4nge in Paklenica klettern? &#8230; Es wird vielleicht auch noch die Todesstunde Uns neuen R\u00e4umen jung entgegen senden, Des Lebens Ruf an uns wird niemals enden&#8230; Wohlan denn, Herz,&#8230;<\/p>\n","protected":false},"author":3,"featured_media":0,"parent":0,"menu_order":0,"comment_status":"closed","ping_status":"closed","template":"","meta":{"ngg_post_thumbnail":0},"_links":{"self":[{"href":"https:\/\/rocking26.ch\/index.php?rest_route=\/wp\/v2\/pages\/606"}],"collection":[{"href":"https:\/\/rocking26.ch\/index.php?rest_route=\/wp\/v2\/pages"}],"about":[{"href":"https:\/\/rocking26.ch\/index.php?rest_route=\/wp\/v2\/types\/page"}],"author":[{"embeddable":true,"href":"https:\/\/rocking26.ch\/index.php?rest_route=\/wp\/v2\/users\/3"}],"replies":[{"embeddable":true,"href":"https:\/\/rocking26.ch\/index.php?rest_route=%2Fwp%2Fv2%2Fcomments&post=606"}],"version-history":[{"count":9,"href":"https:\/\/rocking26.ch\/index.php?rest_route=\/wp\/v2\/pages\/606\/revisions"}],"predecessor-version":[{"id":648,"href":"https:\/\/rocking26.ch\/index.php?rest_route=\/wp\/v2\/pages\/606\/revisions\/648"}],"wp:attachment":[{"href":"https:\/\/rocking26.ch\/index.php?rest_route=%2Fwp%2Fv2%2Fmedia&parent=606"}],"curies":[{"name":"wp","href":"https:\/\/api.w.org\/{rel}","templated":true}]}}