{"id":45,"date":"2015-10-11T11:49:46","date_gmt":"2015-10-11T09:49:46","guid":{"rendered":"http:\/\/rocking26.ch\/?page_id=45"},"modified":"2024-08-05T12:48:33","modified_gmt":"2024-08-05T10:48:33","slug":"geissfluegrat","status":"publish","type":"page","link":"https:\/\/rocking26.ch\/?page_id=45","title":{"rendered":"Geissfluegrat"},"content":{"rendered":"\n<h4 class=\"wp-block-heading\"><img decoding=\"async\" loading=\"lazy\" class=\"alignnone size-full wp-image-472\" src=\"http:\/\/rocking26.ch\/wp-content\/uploads\/2016\/07\/wanderung.png\" alt=\"wanderung\" width=\"75\" height=\"75\"\/><\/h4>\n<br \/><br \/>\n\n\n\n<h4 class=\"wp-block-heading\">Status<\/h4>\n\n\n\n<p>Besucht am 31.08.2016 mit meinem Vater K.<\/p>\n\n\n\n<hr class=\"wp-block-separator has-alpha-channel-opacity\"\/>\n\n\n\n<h4 class=\"wp-block-heading\">Wie es war<\/h4>\n\n\n\n<ul>\n<li>Prachtswetter.<\/li>\n\n\n\n<li>Ein Sonntagsspaziergang an einem Mittwoch.<\/li>\n\n\n\n<li>Einfach nur sch\u00f6n.<\/li>\n<\/ul>\n\n\n\n<h4 class=\"wp-block-heading\">Was ich gelernt habe<\/h4>\n\n\n\n<ul>\n<li>Gedanken beim Abstieg:<br>Vater: &#8220;Ein Wurst-K\u00e4sesalat w\u00e4re nicht schlecht.&#8221;<br>Sohn: &#8220;Pommes Frites w\u00e4ren auch nicht zu verachten.&#8221;<br>Speisekarte im Restaurant &#8220;Chalet Saalh\u00f6he&#8221;: Wurst-K\u00e4sesalat mit Pommes: 19.50 CHF.<br>Yesssss! \ud83d\ude42<\/li>\n\n\n\n<li>Die Aargauerinnen und Aargauer haben sich wirklich M\u00fche gegeben:<br>Auch wenn der Geissfluegrat&nbsp;im Kanton Solothurn noch einige Meter weiter ansteigt, so liessen sie es sich nicht nehmen, ihren Kantonsh\u00f6hepunkt mit einem Gipfelbuch und einer sympathisch gestalteten Hinweistafel zu feiern.<\/li>\n\n\n\n<li>Fr\u00fcher war nicht alles besser:<br>K. arbeitete in jungen Jahren Mo-Fr von 07:00 &#8211; 18.00 Uhr&nbsp;und durfte am&nbsp;Samstagmorgen&nbsp;auch noch malochen. Dazu gab es 5 Tage Ferien, keine Pensionskasse und keinen Erwerbsersatz. <\/li>\n<\/ul>\n\n\n\n<p>Aussicht vom Geissfluegrat auf den&nbsp;Wurst-K\u00e4sesalat mit Pommes:<\/p>\n\n\n<div class=\"wp-block-image\">\n<figure class=\"aligncenter\"><img decoding=\"async\" loading=\"lazy\" width=\"640\" height=\"480\" src=\"http:\/\/rocking26.ch\/wp-content\/uploads\/2016\/08\/IMG_1881.jpg\" alt=\"IMG_1881\" class=\"wp-image-581\" srcset=\"https:\/\/rocking26.ch\/wp-content\/uploads\/2016\/08\/IMG_1881.jpg 640w, https:\/\/rocking26.ch\/wp-content\/uploads\/2016\/08\/IMG_1881-150x113.jpg 150w\" sizes=\"(max-width: 640px) 100vw, 640px\" \/><\/figure><\/div>\n\n\n<hr class=\"wp-block-separator has-alpha-channel-opacity\"\/>\n\n\n\n<h4 class=\"wp-block-heading\">Teaser:<\/h4>\n\n\n\n<p>&#8220;Der Geissfluegrat (908m) ist der h\u00f6chste Punkt im Kanton Aargau. Er liegt auf der Grenze vom Aargau und der Solthurnischen Gemeinde Kienberg. Genau genommen ist der Geissfluegrat nur ein Gratbuckel im Nordostgrat der Geissflue (962,8m), denn die Schartenh\u00f6he betr\u00e4gt nur winzige 5m! Der Gipfel liegt im Wald und kann \u00fcber einen markierten Pfad (T1) erreicht werden.&#8221; (<a href=\"http:\/\/www.hikr.org\/wiki\/post10049.html\" target=\"_blank\" rel=\"noopener\">http:\/\/www.hikr.org\/wiki\/post10049.html<\/a>)<\/p>\n\n\n\n<hr class=\"wp-block-separator has-alpha-channel-opacity\"\/>\n","protected":false},"excerpt":{"rendered":"<p>Status Besucht am 31.08.2016 mit meinem Vater K. Wie es war Was ich gelernt habe Aussicht vom Geissfluegrat auf den&nbsp;Wurst-K\u00e4sesalat mit Pommes: Teaser: &#8220;Der Geissfluegrat (908m) ist der h\u00f6chste Punkt im Kanton Aargau. Er liegt auf der Grenze vom Aargau und der Solthurnischen Gemeinde Kienberg. Genau genommen ist der Geissfluegrat nur ein Gratbuckel im Nordostgrat&#8230;<\/p>\n","protected":false},"author":3,"featured_media":124,"parent":0,"menu_order":0,"comment_status":"closed","ping_status":"closed","template":"","meta":{"ngg_post_thumbnail":0},"_links":{"self":[{"href":"https:\/\/rocking26.ch\/index.php?rest_route=\/wp\/v2\/pages\/45"}],"collection":[{"href":"https:\/\/rocking26.ch\/index.php?rest_route=\/wp\/v2\/pages"}],"about":[{"href":"https:\/\/rocking26.ch\/index.php?rest_route=\/wp\/v2\/types\/page"}],"author":[{"embeddable":true,"href":"https:\/\/rocking26.ch\/index.php?rest_route=\/wp\/v2\/users\/3"}],"replies":[{"embeddable":true,"href":"https:\/\/rocking26.ch\/index.php?rest_route=%2Fwp%2Fv2%2Fcomments&post=45"}],"version-history":[{"count":39,"href":"https:\/\/rocking26.ch\/index.php?rest_route=\/wp\/v2\/pages\/45\/revisions"}],"predecessor-version":[{"id":895,"href":"https:\/\/rocking26.ch\/index.php?rest_route=\/wp\/v2\/pages\/45\/revisions\/895"}],"wp:featuredmedia":[{"embeddable":true,"href":"https:\/\/rocking26.ch\/index.php?rest_route=\/wp\/v2\/media\/124"}],"wp:attachment":[{"href":"https:\/\/rocking26.ch\/index.php?rest_route=%2Fwp%2Fv2%2Fmedia&parent=45"}],"curies":[{"name":"wp","href":"https:\/\/api.w.org\/{rel}","templated":true}]}}